{"id":1033,"date":"2020-06-09T11:22:37","date_gmt":"2020-06-09T09:22:37","guid":{"rendered":"https:\/\/www.lescargot-tranquille.fr\/?page_id=1033"},"modified":"2020-12-14T08:23:33","modified_gmt":"2020-12-14T08:23:33","slug":"actualites","status":"publish","type":"page","link":"https:\/\/lescargot-tranquille.fr\/index.php\/actualites\/","title":{"rendered":"L&rsquo;escargot tranquille, pourquoi ?"},"content":{"rendered":"\n<div class=\"wp-block-group\"><div class=\"wp-block-group__inner-container is-layout-flow wp-block-group-is-layout-flow\">\n<p>Pour comprendre nos choix, il faut s&rsquo;attarder un peu sur le processus qui a men\u00e9 \u00e0 cette d\u00e9marche. Et avant toutes choses, quelle m\u00e9thodologie nous avons suivi ?<\/p>\n<p>Le prisme de lecture du monde que nous utilisons fa\u00e7onne nos connaissances, nos croyances, nos certitudes&#8230; Mais alors comment d\u00e9celer le \u00ab\u00a0vrai\u00a0\u00bb ou du moins le \u00ab\u00a0vraisemblable\u00a0\u00bb, des fausses croyances. D&rsquo;abord, il est primordial de \u00ab\u00a0choisir avec soin la m\u00e9thode avec laquelle nous nous mettons des trucs dans le cr\u00e2ne\u00a0\u00bb.<\/p>\n<p>La m\u00e9thode hypoth\u00e9tico-d\u00e9ductive qu&rsquo;on appelle plus simplement la \u00ab\u00a0m\u00e9thode scientifique\u00a0\u00bb est celle qui jusqu&rsquo;\u00e0 pr\u00e9sent est la plus fiable et la plus aboutie car \u00e9volutive et auto-corrective. Elle permet en effet de s&rsquo;affranchir autant que faire se peut de nos nombreux <a href=\"https:\/\/fr.wikipedia.org\/wiki\/Biais_cognitif\" target=\"_blank\" rel=\"noopener noreferrer\">biais cognitifs<\/a> !<\/p>\n<p>Cette d\u00e9marche va ainsi nous permettre d&rsquo;\u00e9clairer le chemin sur lequel nous nous trouvons et\u00a0 de faire des choix en connaissance de cause. Nous pouvons en effet tomber dans de nombreux travers et id\u00e9ologies contre-productifs. Dans notre cas c&rsquo;est principalement la question de l&rsquo;\u00e9nergie et du mod\u00e8le agricole qui nous int\u00e9resse. Bio-biodynamie, OGM, chimie, traction animale, exploitation animale, m\u00e9canisation, scientisme sont autant de sujets pouvant conduire \u00e0 des id\u00e9ologies.<\/p>\n<p>La cha\u00eene Youtube \u00ab\u00a0Hygi\u00e8ne mentale\u00a0\u00bb propose une s\u00e9rie de plusieurs \u00e9pisodes qui permettent de comprendre petit \u00e0 petit tous les ressorts de la m\u00e9thode. A consommer sans mod\u00e9ration.<\/p>\n\n\n\n<p><\/p>\n<\/div><\/div>\n\n\n\n<figure class=\"wp-block-embed is-type-video is-provider-youtube wp-block-embed-youtube wp-embed-aspect-16-9 wp-has-aspect-ratio\"><div class=\"wp-block-embed__wrapper\">\n<iframe title=\"Ep01 Un b\u00e9b\u00e9 m\u00e9dium avec 3 brins d&#039;ADN est n\u00e9 en Angleterre (Z\u00e9t\u00e9tique appliqu\u00e9e)\" width=\"790\" height=\"444\" src=\"https:\/\/www.youtube.com\/embed\/qrA5HgFIjJE?list=PL8kpTYGNfAcbcbHO_jt9NYHP1KefT4Nfp\" frameborder=\"0\" allow=\"accelerometer; autoplay; clipboard-write; encrypted-media; gyroscope; picture-in-picture\" allowfullscreen><\/iframe>\n<\/div><\/figure>\n\n\n\n<p>Nous sommes maintenant sensibilis\u00e9s au doute m\u00e9thodologique, int\u00e9ressons-nous \u00e0 la question de l&rsquo;\u00e9nergie. En fait, l&rsquo;\u00e9nergie c&rsquo;est tout : la d\u00e9mocratie, internet, la m\u00e9decine, les cong\u00e9s pay\u00e9s, la retraite, les 7 milliards d&rsquo;humains vivant sur la plan\u00e8te &#8230; tout \u00e7a c&rsquo;est gr\u00e2ce&#8230; \u00e0 l&rsquo;\u00e9nergie et plus particuli\u00e8rement gr\u00e2ce aux \u00e9nergies fossiles. Vous en doutez, alors regardez cette conf\u00e9rence de Jean-Marc Jancovici avec attention. <\/p>\n\n\n\n<figure class=\"wp-block-embed is-type-video is-provider-youtube wp-block-embed-youtube wp-embed-aspect-16-9 wp-has-aspect-ratio\"><div class=\"wp-block-embed__wrapper\">\n<iframe title=\"Jancovici : A quand la rupture \u00e9nerg\u00e9tique ? - Cit\u00e9 des Sciences - 21\/11\/2017\" width=\"790\" height=\"444\" src=\"https:\/\/www.youtube.com\/embed\/2JH6TwaDYW4?start=2688&#038;feature=oembed\" frameborder=\"0\" allow=\"accelerometer; autoplay; clipboard-write; encrypted-media; gyroscope; picture-in-picture\" allowfullscreen><\/iframe>\n<\/div><\/figure>\n\n\n\n<p>Et pour finir, et aller plus loin sur la question. Une derni\u00e8re conf\u00e9rence de Vincent Mignerot qui \u00e9largit la question avec une approche anthropologique et une th\u00e9orie \u00e9cologique de l&rsquo;esprit.<\/p>\n\n\n\n<figure class=\"wp-block-embed is-type-video is-provider-youtube wp-block-embed-youtube wp-embed-aspect-16-9 wp-has-aspect-ratio\"><div class=\"wp-block-embed__wrapper\">\n<iframe title=\"Conf\u00e9rence \u00e0 Sciences Po - L&#039;effondrement de notre civilisation (Vincent Mignerot)\" width=\"790\" height=\"444\" src=\"https:\/\/www.youtube.com\/embed\/UO21PznlkQY?start=3700&#038;feature=oembed\" frameborder=\"0\" allow=\"accelerometer; autoplay; clipboard-write; encrypted-media; gyroscope; picture-in-picture\" allowfullscreen><\/iframe>\n<\/div><\/figure>\n\n\n\n<p>Maintenant, que vous avez bien compris les enjeux que nous avons d\u00e9cid\u00e9 de prendre en compte, rendez-vous sur la <a href=\"https:\/\/lescargot-tranquille.fr\/index.php\/une-micro-ferme\/\" data-type=\"page\" data-id=\"750\">page \u00ab\u00a0une micro-ferme\u00a0\u00bb pour d\u00e9couvrir mieux notre project, concr\u00e8tement.<\/a><\/p>\n","protected":false},"excerpt":{"rendered":"<p>Pour comprendre nos choix, il faut s&rsquo;attarder un peu sur le processus qui a men\u00e9 \u00e0 cette d\u00e9marche. Et avant toutes choses, quelle m\u00e9thodologie nous avons suivi ? Le prisme de lecture du monde que nous utilisons fa\u00e7onne nos connaissances, nos croyances, nos certitudes&#8230; Mais alors comment d\u00e9celer le \u00ab\u00a0vrai\u00a0\u00bb ou du moins le \u00ab\u00a0vraisemblable\u00a0\u00bb, &hellip; <\/p>\n","protected":false},"author":3,"featured_media":0,"parent":0,"menu_order":0,"comment_status":"closed","ping_status":"closed","template":"","meta":{"footnotes":""},"class_list":["post-1033","page","type-page","status-publish","hentry","latest_post"],"_links":{"self":[{"href":"https:\/\/lescargot-tranquille.fr\/index.php\/wp-json\/wp\/v2\/pages\/1033","targetHints":{"allow":["GET"]}}],"collection":[{"href":"https:\/\/lescargot-tranquille.fr\/index.php\/wp-json\/wp\/v2\/pages"}],"about":[{"href":"https:\/\/lescargot-tranquille.fr\/index.php\/wp-json\/wp\/v2\/types\/page"}],"author":[{"embeddable":true,"href":"https:\/\/lescargot-tranquille.fr\/index.php\/wp-json\/wp\/v2\/users\/3"}],"replies":[{"embeddable":true,"href":"https:\/\/lescargot-tranquille.fr\/index.php\/wp-json\/wp\/v2\/comments?post=1033"}],"version-history":[{"count":8,"href":"https:\/\/lescargot-tranquille.fr\/index.php\/wp-json\/wp\/v2\/pages\/1033\/revisions"}],"predecessor-version":[{"id":1610,"href":"https:\/\/lescargot-tranquille.fr\/index.php\/wp-json\/wp\/v2\/pages\/1033\/revisions\/1610"}],"wp:attachment":[{"href":"https:\/\/lescargot-tranquille.fr\/index.php\/wp-json\/wp\/v2\/media?parent=1033"}],"curies":[{"name":"wp","href":"https:\/\/api.w.org\/{rel}","templated":true}]}}