{"id":666,"date":"2020-03-14T18:11:28","date_gmt":"2020-03-14T17:11:28","guid":{"rendered":"https:\/\/www.lescargot-tranquille.fr\/?page_id=666"},"modified":"2020-11-22T15:37:39","modified_gmt":"2020-11-22T15:37:39","slug":"le-projet","status":"publish","type":"page","link":"https:\/\/lescargot-tranquille.fr\/","title":{"rendered":"Le projet"},"content":{"rendered":"\n<p>L&rsquo;escargot tranquille, c&rsquo;est avant tout un projet de vie. Nous partons du constat que les d\u00e9s\u00e9quilibres des \u00e9co-syst\u00e8mes augmentent (d\u00e9r\u00e8glement climatique, effondrement de la biodiversit\u00e9, rupture des cycles naturels&#8230;),  que les ressources ne sont pas in\u00e9puisables et que les \u00e9nergies fossiles dont toute notre civilisation d\u00e9pend ont atteints ou vont atteindre prochainement leurs pics de production.<br>Nous devons donc engager un virage drastique dans nos modes de vie o\u00f9 la sobri\u00e9t\u00e9 devient le fil rouge \u00e0 suivre autant que possible.<\/p>\n\n\n\n<p>L&rsquo;escargot tranquille est n\u00e9 de ce constat et s&rsquo;articule autour d&rsquo;une micro-ferme, d&rsquo;un atelier d&rsquo;artisanat, et d&rsquo;un fournil.<\/p>\n\n\n\n<p><a href=\"https:\/\/lescargot-tranquille.fr\/index.php\/latelier\/\">L&rsquo;atelier<\/a>, g\u00e9r\u00e9 par une micro-entreprise, permet \u00e0 Ana\u00efs, artisane cr\u00e9atrice de valoriser toutes sortes de mat\u00e9riaux de r\u00e9cup\u00e9ration et d&rsquo;\u00e9l\u00e9ments de la nature. Elle les d\u00e9tourne ainsi en bijoux, accessoires z\u00e9ro d\u00e9chets et bien d&rsquo;autres productions qu&rsquo;elle vend localement et en ligne.<\/p>\n\n\n\n<p>La <a href=\"https:\/\/lescargot-tranquille.fr\/index.php\/une-micro-ferme\/\" data-type=\"page\" data-id=\"750\">micro-ferme<\/a> et le <a href=\"https:\/\/lescargot-tranquille.fr\/index.php\/le-fournil\/\" data-type=\"page\" data-id=\"985\">fournil <\/a>sont g\u00e9r\u00e9es par  une association cr\u00e9\u00e9e en 2016. Son objectif est de d\u00e9velopper une agriculture consommant moins de calories qu&rsquo;elle n&rsquo;en produit. Pour se faire, elle exp\u00e9rimente des m\u00e9thodes s&rsquo;inspirant des connaissances acquises par la science, des principes de la permaculture mais aussi des diff\u00e9rentes connaissances empiriques issues du monde paysan. Le fournil a deux objectifs : cr\u00e9er du lien avec les villageois et financer l&rsquo;association gr\u00e2ce \u00e0 la vente des pains, galettes et biscuits.<\/p>\n\n\n\n<p><\/p>\n\n\n\n<figure class=\"wp-block-image size-large is-resized is-style-default\"><img fetchpriority=\"high\" decoding=\"async\" src=\"https:\/\/lescargot-tranquille.fr\/wp-content\/uploads\/2020\/11\/Sans-titre-1024x576-1.jpg\" alt=\"\" class=\"wp-image-1531\" width=\"971\" height=\"564\" srcset=\"https:\/\/lescargot-tranquille.fr\/wp-content\/uploads\/2020\/11\/Sans-titre-1024x576-1.jpg 971w, https:\/\/lescargot-tranquille.fr\/wp-content\/uploads\/2020\/11\/Sans-titre-1024x576-1-600x349.jpg 600w, https:\/\/lescargot-tranquille.fr\/wp-content\/uploads\/2020\/11\/Sans-titre-1024x576-1-300x174.jpg 300w, https:\/\/lescargot-tranquille.fr\/wp-content\/uploads\/2020\/11\/Sans-titre-1024x576-1-768x446.jpg 768w, https:\/\/lescargot-tranquille.fr\/wp-content\/uploads\/2020\/11\/Sans-titre-1024x576-1-103x60.jpg 103w\" sizes=\"(max-width: 971px) 100vw, 971px\" \/><\/figure>\n\n\n\n<p><\/p>\n","protected":false},"excerpt":{"rendered":"<p>L&rsquo;escargot tranquille, c&rsquo;est avant tout un projet de vie. Nous partons du constat que les d\u00e9s\u00e9quilibres des \u00e9co-syst\u00e8mes augmentent (d\u00e9r\u00e8glement climatique, effondrement de la biodiversit\u00e9, rupture des cycles naturels&#8230;), que les ressources ne sont pas in\u00e9puisables et que les \u00e9nergies fossiles dont toute notre civilisation d\u00e9pend ont atteints ou vont atteindre prochainement leurs pics de &hellip; <\/p>\n","protected":false},"author":3,"featured_media":0,"parent":0,"menu_order":0,"comment_status":"closed","ping_status":"closed","template":"","meta":{"footnotes":""},"class_list":["post-666","page","type-page","status-publish","hentry","latest_post"],"_links":{"self":[{"href":"https:\/\/lescargot-tranquille.fr\/index.php\/wp-json\/wp\/v2\/pages\/666","targetHints":{"allow":["GET"]}}],"collection":[{"href":"https:\/\/lescargot-tranquille.fr\/index.php\/wp-json\/wp\/v2\/pages"}],"about":[{"href":"https:\/\/lescargot-tranquille.fr\/index.php\/wp-json\/wp\/v2\/types\/page"}],"author":[{"embeddable":true,"href":"https:\/\/lescargot-tranquille.fr\/index.php\/wp-json\/wp\/v2\/users\/3"}],"replies":[{"embeddable":true,"href":"https:\/\/lescargot-tranquille.fr\/index.php\/wp-json\/wp\/v2\/comments?post=666"}],"version-history":[{"count":11,"href":"https:\/\/lescargot-tranquille.fr\/index.php\/wp-json\/wp\/v2\/pages\/666\/revisions"}],"predecessor-version":[{"id":1539,"href":"https:\/\/lescargot-tranquille.fr\/index.php\/wp-json\/wp\/v2\/pages\/666\/revisions\/1539"}],"wp:attachment":[{"href":"https:\/\/lescargot-tranquille.fr\/index.php\/wp-json\/wp\/v2\/media?parent=666"}],"curies":[{"name":"wp","href":"https:\/\/api.w.org\/{rel}","templated":true}]}}