{"id":750,"date":"2020-03-15T19:06:53","date_gmt":"2020-03-15T18:06:53","guid":{"rendered":"https:\/\/www.lescargot-tranquille.fr\/?page_id=750"},"modified":"2021-01-08T16:16:08","modified_gmt":"2021-01-08T16:16:08","slug":"une-micro-ferme","status":"publish","type":"page","link":"https:\/\/lescargot-tranquille.fr\/index.php\/une-micro-ferme\/","title":{"rendered":"Une micro ferme"},"content":{"rendered":"\n<p>Pour comprendre la d\u00e9marche de la micro ferme, je vous conseille d&rsquo;aller d&rsquo;abord zieuter la page <a href=\"https:\/\/lescargot-tranquille.fr\/index.php\/actualites\/\" data-type=\"page\" data-id=\"1033\">\u00ab\u00a0Pourquoi l&rsquo;escargot tranquille\u00a0\u00bb<\/a>.<\/p>\n\n\n\n<figure class=\"wp-block-image size-large\"><img fetchpriority=\"high\" decoding=\"async\" width=\"1024\" height=\"778\" src=\"https:\/\/lescargot-tranquille.fr\/wp-content\/uploads\/2020\/12\/geoportail-2020-1024x778.jpg\" alt=\"\" class=\"wp-image-1655\" srcset=\"https:\/\/lescargot-tranquille.fr\/wp-content\/uploads\/2020\/12\/geoportail-2020-1024x778.jpg 1024w, https:\/\/lescargot-tranquille.fr\/wp-content\/uploads\/2020\/12\/geoportail-2020-600x456.jpg 600w, https:\/\/lescargot-tranquille.fr\/wp-content\/uploads\/2020\/12\/geoportail-2020-300x228.jpg 300w, https:\/\/lescargot-tranquille.fr\/wp-content\/uploads\/2020\/12\/geoportail-2020-768x584.jpg 768w, https:\/\/lescargot-tranquille.fr\/wp-content\/uploads\/2020\/12\/geoportail-2020-1536x1168.jpg 1536w, https:\/\/lescargot-tranquille.fr\/wp-content\/uploads\/2020\/12\/geoportail-2020-79x60.jpg 79w, https:\/\/lescargot-tranquille.fr\/wp-content\/uploads\/2020\/12\/geoportail-2020.jpg 2002w\" sizes=\"(max-width: 1024px) 100vw, 1024px\" \/><\/figure>\n\n\n\n<figure class=\"wp-block-image size-full\"><img decoding=\"async\" width=\"1000\" height=\"563\" src=\"https:\/\/lescargot-tranquille.fr\/wp-content\/uploads\/2020\/12\/02-la-nouvelle-configuration.jpg\" alt=\"\" class=\"wp-image-1639\" srcset=\"https:\/\/lescargot-tranquille.fr\/wp-content\/uploads\/2020\/12\/02-la-nouvelle-configuration.jpg 1000w, https:\/\/lescargot-tranquille.fr\/wp-content\/uploads\/2020\/12\/02-la-nouvelle-configuration-600x338.jpg 600w, https:\/\/lescargot-tranquille.fr\/wp-content\/uploads\/2020\/12\/02-la-nouvelle-configuration-300x169.jpg 300w, https:\/\/lescargot-tranquille.fr\/wp-content\/uploads\/2020\/12\/02-la-nouvelle-configuration-768x432.jpg 768w, https:\/\/lescargot-tranquille.fr\/wp-content\/uploads\/2020\/12\/02-la-nouvelle-configuration-107x60.jpg 107w\" sizes=\"(max-width: 1000px) 100vw, 1000px\" \/><\/figure>\n\n\n\n<div class=\"wp-block-media-text alignwide is-stacked-on-mobile\"><figure class=\"wp-block-media-text__media\"><img decoding=\"async\" width=\"563\" height=\"1000\" src=\"https:\/\/lescargot-tranquille.fr\/wp-content\/uploads\/2020\/12\/19-et-en-ete-cest-vegetalise.jpg\" alt=\"\" class=\"wp-image-1641 size-full\" srcset=\"https:\/\/lescargot-tranquille.fr\/wp-content\/uploads\/2020\/12\/19-et-en-ete-cest-vegetalise.jpg 563w, https:\/\/lescargot-tranquille.fr\/wp-content\/uploads\/2020\/12\/19-et-en-ete-cest-vegetalise-169x300.jpg 169w, https:\/\/lescargot-tranquille.fr\/wp-content\/uploads\/2020\/12\/19-et-en-ete-cest-vegetalise-34x60.jpg 34w\" sizes=\"(max-width: 563px) 100vw, 563px\" \/><\/figure><div class=\"wp-block-media-text__content\">\n<h5 class=\"wp-block-heading\">Pour r\u00e9sumer, les raisons qui nous ont pouss\u00e9 \u00e0 penser ce projet :<\/h5>\n\n\n\n<ul class=\"wp-block-list\"><li>les ressources ne sont pas illimit\u00e9es sur Terre.<\/li><li>les cons\u00e9quences du d\u00e9r\u00e8glement climatique seront dramatiques si l&rsquo;on ne fait rien<\/li><li>le couple \u00e9nergie-climat est un casse-t\u00eate \u00e0 r\u00e9soudre<\/li><\/ul>\n<\/div><\/div>\n\n\n\n<figure class=\"wp-block-image size-full\"><img loading=\"lazy\" decoding=\"async\" width=\"1000\" height=\"563\" src=\"https:\/\/lescargot-tranquille.fr\/wp-content\/uploads\/2020\/12\/05-les-nouvelles-habitantes.jpg\" alt=\"\" class=\"wp-image-1643\" srcset=\"https:\/\/lescargot-tranquille.fr\/wp-content\/uploads\/2020\/12\/05-les-nouvelles-habitantes.jpg 1000w, https:\/\/lescargot-tranquille.fr\/wp-content\/uploads\/2020\/12\/05-les-nouvelles-habitantes-600x338.jpg 600w, https:\/\/lescargot-tranquille.fr\/wp-content\/uploads\/2020\/12\/05-les-nouvelles-habitantes-300x169.jpg 300w, https:\/\/lescargot-tranquille.fr\/wp-content\/uploads\/2020\/12\/05-les-nouvelles-habitantes-768x432.jpg 768w, https:\/\/lescargot-tranquille.fr\/wp-content\/uploads\/2020\/12\/05-les-nouvelles-habitantes-107x60.jpg 107w\" sizes=\"(max-width: 1000px) 100vw, 1000px\" \/><\/figure>\n\n\n\n<h5 class=\"wp-block-heading\">Les objectifs de l&rsquo;escargot tranquille sont donc simples. Il faut  maximiser notre r\u00e9silience :<\/h5>\n\n\n\n<ul class=\"wp-block-list\"><li>en se passant autant que possible des \u00e9nergies fossiles dans la production alimentaire et artisanale mais aussi en architecture. <\/li><li>en essayant de d\u00e9velopper un syst\u00e8me agricole qui permette de produire plus de calories qu&rsquo;il n&rsquo;en consomme.<\/li><li>en fabriquant des cr\u00e9ations artisanales \u00e0 partir de mat\u00e9riaux de r\u00e9cup&rsquo; quand c&rsquo;est possible.<\/li><\/ul>\n\n\n\n<figure class=\"wp-block-image size-large\"><img loading=\"lazy\" decoding=\"async\" width=\"1000\" height=\"563\" src=\"https:\/\/lescargot-tranquille.fr\/wp-content\/uploads\/2020\/12\/20200327_180547.jpg\" alt=\"\" class=\"wp-image-1644\" srcset=\"https:\/\/lescargot-tranquille.fr\/wp-content\/uploads\/2020\/12\/20200327_180547.jpg 1000w, https:\/\/lescargot-tranquille.fr\/wp-content\/uploads\/2020\/12\/20200327_180547-600x338.jpg 600w, https:\/\/lescargot-tranquille.fr\/wp-content\/uploads\/2020\/12\/20200327_180547-300x169.jpg 300w, https:\/\/lescargot-tranquille.fr\/wp-content\/uploads\/2020\/12\/20200327_180547-768x432.jpg 768w, https:\/\/lescargot-tranquille.fr\/wp-content\/uploads\/2020\/12\/20200327_180547-107x60.jpg 107w\" sizes=\"(max-width: 1000px) 100vw, 1000px\" \/><\/figure>\n\n\n\n<h5 class=\"wp-block-heading\">Pour utiliser moins de p\u00e9trole en agriculture, plusieurs moyens sont mis en \u0153uvre :<\/h5>\n\n\n\n<ul class=\"wp-block-list\"><li>pas ou peu de tracteurs ou de machines complexes \u00e0 moteur<\/li><li>des outils simples mais efficients comme la faux<\/li><li>des cercles vertueux dans la gestion des amendements<\/li><li>l&rsquo;utilisation des composts et urines<\/li><li>Agir le moins possible et favoriser le travail des cycles naturels et de la micro-faune<\/li><li>Utiliser des couverts permanents<\/li><li>favoriser les animaux herbivores et granivores qui valorisent la biomasse tout seuls<\/li><li>favoriser les plantes et arbres vivaces qui ne demandent que peu de travail<\/li><li>Valoriser les arbres aux fruits hautement nutritifs comme le noyer, le noisetier, l&rsquo;amandier, le ch\u00e2taignier, le pommier&#8230;<\/li><\/ul>\n\n\n\n<figure class=\"wp-block-image size-large\"><img loading=\"lazy\" decoding=\"async\" width=\"1000\" height=\"563\" src=\"https:\/\/lescargot-tranquille.fr\/wp-content\/uploads\/2020\/12\/20200406_131137.jpg\" alt=\"\" class=\"wp-image-1647\" srcset=\"https:\/\/lescargot-tranquille.fr\/wp-content\/uploads\/2020\/12\/20200406_131137.jpg 1000w, https:\/\/lescargot-tranquille.fr\/wp-content\/uploads\/2020\/12\/20200406_131137-600x338.jpg 600w, https:\/\/lescargot-tranquille.fr\/wp-content\/uploads\/2020\/12\/20200406_131137-300x169.jpg 300w, https:\/\/lescargot-tranquille.fr\/wp-content\/uploads\/2020\/12\/20200406_131137-768x432.jpg 768w, https:\/\/lescargot-tranquille.fr\/wp-content\/uploads\/2020\/12\/20200406_131137-107x60.jpg 107w\" sizes=\"(max-width: 1000px) 100vw, 1000px\" \/><\/figure>\n\n\n\n<h5 class=\"wp-block-heading\">Pour r\u00e9duire l&rsquo;\u00e9nergie n\u00e9cessaire \u00e0 la construction de maison d\u2019habitation, de poulailler, ou autres b\u00e2timents, nous faisons le choix :<\/h5>\n\n\n\n<ul class=\"wp-block-list\"><li>de r\u00e9duire leur taille et leur surface au sol<\/li><li>d&rsquo;\u00e9viter des fondations importantes quand c&rsquo;est possible<\/li><li>d&rsquo;utiliser des mat\u00e9riaux locaux peu transform\u00e9s (foin, paille, terre, bois&#8230;)<\/li><li>de favoriser les habitats l\u00e9gers \u00e0 faible empreinte carbone<\/li><li>d&rsquo;utiliser au maximum des mat\u00e9riaux de r\u00e9cup\u00e9ration <\/li><li>d&rsquo;appliquer les principes du bioclimatisme pour les b\u00e2timents \u00e0 vivre :<ul><li>orientation au sud<\/li><li>isolation importante par l&rsquo;ext\u00e9rieur<\/li><li>mat\u00e9riaux \u00e0 forte inertie \u00e0 l&rsquo;int\u00e9rieur (terre)<\/li><li>protection au nord<\/li><li>arbres pour prot\u00e9ger du vent et du soleil<\/li><li>&#8230;<\/li><\/ul><\/li><\/ul>\n\n\n\n<figure class=\"wp-block-image size-full\"><img loading=\"lazy\" decoding=\"async\" width=\"1000\" height=\"563\" src=\"https:\/\/lescargot-tranquille.fr\/wp-content\/uploads\/2020\/12\/DJI_0090.jpg\" alt=\"\" class=\"wp-image-1650\" srcset=\"https:\/\/lescargot-tranquille.fr\/wp-content\/uploads\/2020\/12\/DJI_0090.jpg 1000w, https:\/\/lescargot-tranquille.fr\/wp-content\/uploads\/2020\/12\/DJI_0090-600x338.jpg 600w, https:\/\/lescargot-tranquille.fr\/wp-content\/uploads\/2020\/12\/DJI_0090-300x169.jpg 300w, https:\/\/lescargot-tranquille.fr\/wp-content\/uploads\/2020\/12\/DJI_0090-768x432.jpg 768w, https:\/\/lescargot-tranquille.fr\/wp-content\/uploads\/2020\/12\/DJI_0090-107x60.jpg 107w\" sizes=\"(max-width: 1000px) 100vw, 1000px\" \/><\/figure>\n\n\n\n<figure class=\"wp-block-image size-large\"><img loading=\"lazy\" decoding=\"async\" width=\"1024\" height=\"768\" src=\"https:\/\/lescargot-tranquille.fr\/wp-content\/uploads\/2020\/12\/atelier-1024x768.jpg\" alt=\"\" class=\"wp-image-1652\" srcset=\"https:\/\/lescargot-tranquille.fr\/wp-content\/uploads\/2020\/12\/atelier-1024x768.jpg 1024w, https:\/\/lescargot-tranquille.fr\/wp-content\/uploads\/2020\/12\/atelier-scaled-600x450.jpg 600w, https:\/\/lescargot-tranquille.fr\/wp-content\/uploads\/2020\/12\/atelier-300x225.jpg 300w, https:\/\/lescargot-tranquille.fr\/wp-content\/uploads\/2020\/12\/atelier-768x576.jpg 768w, https:\/\/lescargot-tranquille.fr\/wp-content\/uploads\/2020\/12\/atelier-1536x1152.jpg 1536w, https:\/\/lescargot-tranquille.fr\/wp-content\/uploads\/2020\/12\/atelier-2048x1536.jpg 2048w, https:\/\/lescargot-tranquille.fr\/wp-content\/uploads\/2020\/12\/atelier-80x60.jpg 80w\" sizes=\"(max-width: 1024px) 100vw, 1024px\" \/><\/figure>\n\n\n\n<figure class=\"wp-block-image size-full\"><img loading=\"lazy\" decoding=\"async\" width=\"904\" height=\"414\" src=\"https:\/\/lescargot-tranquille.fr\/wp-content\/uploads\/2020\/12\/07-les-coureurs-indiens.jpg\" alt=\"\" class=\"wp-image-1651\" srcset=\"https:\/\/lescargot-tranquille.fr\/wp-content\/uploads\/2020\/12\/07-les-coureurs-indiens.jpg 904w, https:\/\/lescargot-tranquille.fr\/wp-content\/uploads\/2020\/12\/07-les-coureurs-indiens-600x275.jpg 600w, https:\/\/lescargot-tranquille.fr\/wp-content\/uploads\/2020\/12\/07-les-coureurs-indiens-300x137.jpg 300w, https:\/\/lescargot-tranquille.fr\/wp-content\/uploads\/2020\/12\/07-les-coureurs-indiens-768x352.jpg 768w, https:\/\/lescargot-tranquille.fr\/wp-content\/uploads\/2020\/12\/07-les-coureurs-indiens-131x60.jpg 131w\" sizes=\"(max-width: 904px) 100vw, 904px\" \/><\/figure>\n","protected":false},"excerpt":{"rendered":"<p>Pour comprendre la d\u00e9marche de la micro ferme, je vous conseille d&rsquo;aller d&rsquo;abord zieuter la page \u00ab\u00a0Pourquoi l&rsquo;escargot tranquille\u00a0\u00bb. Pour r\u00e9sumer, les raisons qui nous ont pouss\u00e9 \u00e0 penser ce projet : les ressources ne sont pas illimit\u00e9es sur Terre. les cons\u00e9quences du d\u00e9r\u00e8glement climatique seront dramatiques si l&rsquo;on ne fait rien le couple \u00e9nergie-climat &hellip; <\/p>\n","protected":false},"author":3,"featured_media":0,"parent":0,"menu_order":0,"comment_status":"closed","ping_status":"closed","template":"","meta":{"footnotes":""},"class_list":["post-750","page","type-page","status-publish","hentry","latest_post"],"_links":{"self":[{"href":"https:\/\/lescargot-tranquille.fr\/index.php\/wp-json\/wp\/v2\/pages\/750","targetHints":{"allow":["GET"]}}],"collection":[{"href":"https:\/\/lescargot-tranquille.fr\/index.php\/wp-json\/wp\/v2\/pages"}],"about":[{"href":"https:\/\/lescargot-tranquille.fr\/index.php\/wp-json\/wp\/v2\/types\/page"}],"author":[{"embeddable":true,"href":"https:\/\/lescargot-tranquille.fr\/index.php\/wp-json\/wp\/v2\/users\/3"}],"replies":[{"embeddable":true,"href":"https:\/\/lescargot-tranquille.fr\/index.php\/wp-json\/wp\/v2\/comments?post=750"}],"version-history":[{"count":7,"href":"https:\/\/lescargot-tranquille.fr\/index.php\/wp-json\/wp\/v2\/pages\/750\/revisions"}],"predecessor-version":[{"id":1692,"href":"https:\/\/lescargot-tranquille.fr\/index.php\/wp-json\/wp\/v2\/pages\/750\/revisions\/1692"}],"wp:attachment":[{"href":"https:\/\/lescargot-tranquille.fr\/index.php\/wp-json\/wp\/v2\/media?parent=750"}],"curies":[{"name":"wp","href":"https:\/\/api.w.org\/{rel}","templated":true}]}}