{"id":753,"date":"2020-03-15T19:07:28","date_gmt":"2020-03-15T18:07:28","guid":{"rendered":"https:\/\/www.lescargot-tranquille.fr\/?page_id=753"},"modified":"2020-12-14T18:15:18","modified_gmt":"2020-12-14T18:15:18","slug":"les-tisanes","status":"publish","type":"page","link":"https:\/\/lescargot-tranquille.fr\/index.php\/les-tisanes\/","title":{"rendered":"Les tisanes"},"content":{"rendered":"\n<h5 class=\"wp-block-heading\"><\/h5>\n\n\n\n<div class=\"wp-block-media-text alignwide is-stacked-on-mobile\"><figure class=\"wp-block-media-text__media\"><img fetchpriority=\"high\" decoding=\"async\" width=\"563\" height=\"1000\" src=\"https:\/\/lescargot-tranquille.fr\/wp-content\/uploads\/2020\/12\/20200417_113842.jpg\" alt=\"\" class=\"wp-image-1674 size-full\" srcset=\"https:\/\/lescargot-tranquille.fr\/wp-content\/uploads\/2020\/12\/20200417_113842.jpg 563w, https:\/\/lescargot-tranquille.fr\/wp-content\/uploads\/2020\/12\/20200417_113842-169x300.jpg 169w, https:\/\/lescargot-tranquille.fr\/wp-content\/uploads\/2020\/12\/20200417_113842-34x60.jpg 34w\" sizes=\"(max-width: 563px) 100vw, 563px\" \/><\/figure><div class=\"wp-block-media-text__content\">\n<h5 class=\"wp-block-heading\">Nous avons fabriqu\u00e9 un s\u00e9choir qui nous permet de proposer des tisanes gustatives \u00e0 base de plantes cueillies \u00e0 l&rsquo;escargot tranquille et au village. Vous pouvez retrouver tous ces m\u00e9langes lors du march\u00e9 hebdomadaire du village ou au magasin d\u2019artisans <a rel=\"noreferrer noopener\" href=\"https:\/\/www.facebook.com\/La-Fabrik-dIci-2204940436251414\/\" target=\"_blank\">\u00ab\u00a0La Fabrik d&rsquo;ici\u00a0\u00bb<\/a> et bient\u00f4t sur notre <a href=\"https:\/\/lescargot-tranquille.fr\/index.php\/boutique\/\">boutique en ligne<\/a><\/h5>\n\n\n\n<p><\/p>\n<\/div><\/div>\n\n\n\n<figure class=\"wp-block-image size-large is-style-default\"><img decoding=\"async\" width=\"1000\" height=\"667\" src=\"https:\/\/lescargot-tranquille.fr\/wp-content\/uploads\/2019\/09\/36-quelques-productions-du-fournil-et-autre.jpg\" alt=\"\" class=\"wp-image-574\" srcset=\"https:\/\/lescargot-tranquille.fr\/wp-content\/uploads\/2019\/09\/36-quelques-productions-du-fournil-et-autre.jpg 1000w, https:\/\/lescargot-tranquille.fr\/wp-content\/uploads\/2019\/09\/36-quelques-productions-du-fournil-et-autre-600x400.jpg 600w, https:\/\/lescargot-tranquille.fr\/wp-content\/uploads\/2019\/09\/36-quelques-productions-du-fournil-et-autre-300x200.jpg 300w, https:\/\/lescargot-tranquille.fr\/wp-content\/uploads\/2019\/09\/36-quelques-productions-du-fournil-et-autre-768x512.jpg 768w, https:\/\/lescargot-tranquille.fr\/wp-content\/uploads\/2019\/09\/36-quelques-productions-du-fournil-et-autre-980x654.jpg 980w, https:\/\/lescargot-tranquille.fr\/wp-content\/uploads\/2019\/09\/36-quelques-productions-du-fournil-et-autre-480x320.jpg 480w\" sizes=\"(max-width: 1000px) 100vw, 1000px\" \/><\/figure>\n\n\n\n<figure class=\"wp-block-image size-large\"><img decoding=\"async\" width=\"1024\" height=\"576\" src=\"https:\/\/lescargot-tranquille.fr\/wp-content\/uploads\/2020\/12\/20171003_151551-1024x576.jpg\" alt=\"\" class=\"wp-image-1673\" srcset=\"https:\/\/lescargot-tranquille.fr\/wp-content\/uploads\/2020\/12\/20171003_151551-1024x576.jpg 1024w, https:\/\/lescargot-tranquille.fr\/wp-content\/uploads\/2020\/12\/20171003_151551-scaled-600x338.jpg 600w, https:\/\/lescargot-tranquille.fr\/wp-content\/uploads\/2020\/12\/20171003_151551-300x169.jpg 300w, https:\/\/lescargot-tranquille.fr\/wp-content\/uploads\/2020\/12\/20171003_151551-768x432.jpg 768w, https:\/\/lescargot-tranquille.fr\/wp-content\/uploads\/2020\/12\/20171003_151551-1536x864.jpg 1536w, https:\/\/lescargot-tranquille.fr\/wp-content\/uploads\/2020\/12\/20171003_151551-2048x1152.jpg 2048w, https:\/\/lescargot-tranquille.fr\/wp-content\/uploads\/2020\/12\/20171003_151551-107x60.jpg 107w\" sizes=\"(max-width: 1024px) 100vw, 1024px\" \/><\/figure>\n\n\n\n<figure class=\"wp-block-image size-large\"><img loading=\"lazy\" decoding=\"async\" width=\"1024\" height=\"683\" src=\"https:\/\/lescargot-tranquille.fr\/wp-content\/uploads\/2020\/12\/P1060165-1024x683.jpg\" alt=\"\" class=\"wp-image-1675\" srcset=\"https:\/\/lescargot-tranquille.fr\/wp-content\/uploads\/2020\/12\/P1060165-1024x683.jpg 1024w, https:\/\/lescargot-tranquille.fr\/wp-content\/uploads\/2020\/12\/P1060165-scaled-600x400.jpg 600w, https:\/\/lescargot-tranquille.fr\/wp-content\/uploads\/2020\/12\/P1060165-300x200.jpg 300w, https:\/\/lescargot-tranquille.fr\/wp-content\/uploads\/2020\/12\/P1060165-768x512.jpg 768w, https:\/\/lescargot-tranquille.fr\/wp-content\/uploads\/2020\/12\/P1060165-1536x1025.jpg 1536w, https:\/\/lescargot-tranquille.fr\/wp-content\/uploads\/2020\/12\/P1060165-2048x1367.jpg 2048w, https:\/\/lescargot-tranquille.fr\/wp-content\/uploads\/2020\/12\/P1060165-90x60.jpg 90w, https:\/\/lescargot-tranquille.fr\/wp-content\/uploads\/2020\/12\/P1060165-374x249.jpg 374w\" sizes=\"(max-width: 1024px) 100vw, 1024px\" \/><\/figure>\n","protected":false},"excerpt":{"rendered":"<p>Nous avons fabriqu\u00e9 un s\u00e9choir qui nous permet de proposer des tisanes gustatives \u00e0 base de plantes cueillies \u00e0 l&rsquo;escargot tranquille et au village. Vous pouvez retrouver tous ces m\u00e9langes lors du march\u00e9 hebdomadaire du village ou au magasin d\u2019artisans \u00ab\u00a0La Fabrik d&rsquo;ici\u00a0\u00bb et bient\u00f4t sur notre boutique en ligne<\/p>\n","protected":false},"author":3,"featured_media":0,"parent":0,"menu_order":0,"comment_status":"closed","ping_status":"closed","template":"","meta":{"footnotes":""},"class_list":["post-753","page","type-page","status-publish","hentry","latest_post"],"_links":{"self":[{"href":"https:\/\/lescargot-tranquille.fr\/index.php\/wp-json\/wp\/v2\/pages\/753","targetHints":{"allow":["GET"]}}],"collection":[{"href":"https:\/\/lescargot-tranquille.fr\/index.php\/wp-json\/wp\/v2\/pages"}],"about":[{"href":"https:\/\/lescargot-tranquille.fr\/index.php\/wp-json\/wp\/v2\/types\/page"}],"author":[{"embeddable":true,"href":"https:\/\/lescargot-tranquille.fr\/index.php\/wp-json\/wp\/v2\/users\/3"}],"replies":[{"embeddable":true,"href":"https:\/\/lescargot-tranquille.fr\/index.php\/wp-json\/wp\/v2\/comments?post=753"}],"version-history":[{"count":3,"href":"https:\/\/lescargot-tranquille.fr\/index.php\/wp-json\/wp\/v2\/pages\/753\/revisions"}],"predecessor-version":[{"id":1677,"href":"https:\/\/lescargot-tranquille.fr\/index.php\/wp-json\/wp\/v2\/pages\/753\/revisions\/1677"}],"wp:attachment":[{"href":"https:\/\/lescargot-tranquille.fr\/index.php\/wp-json\/wp\/v2\/media?parent=753"}],"curies":[{"name":"wp","href":"https:\/\/api.w.org\/{rel}","templated":true}]}}