{"id":983,"date":"2020-04-21T22:30:01","date_gmt":"2020-04-21T20:30:01","guid":{"rendered":"https:\/\/www.lescargot-tranquille.fr\/?page_id=983"},"modified":"2020-12-14T15:16:13","modified_gmt":"2020-12-14T15:16:13","slug":"le-jardin","status":"publish","type":"page","link":"https:\/\/lescargot-tranquille.fr\/index.php\/le-jardin\/","title":{"rendered":"Le jardin"},"content":{"rendered":"\n<figure class=\"wp-block-image size-full\"><img fetchpriority=\"high\" decoding=\"async\" width=\"1000\" height=\"563\" src=\"https:\/\/lescargot-tranquille.fr\/wp-content\/uploads\/2020\/12\/20200407_162128.jpg\" alt=\"\" class=\"wp-image-1622\" srcset=\"https:\/\/lescargot-tranquille.fr\/wp-content\/uploads\/2020\/12\/20200407_162128.jpg 1000w, https:\/\/lescargot-tranquille.fr\/wp-content\/uploads\/2020\/12\/20200407_162128-600x338.jpg 600w, https:\/\/lescargot-tranquille.fr\/wp-content\/uploads\/2020\/12\/20200407_162128-300x169.jpg 300w, https:\/\/lescargot-tranquille.fr\/wp-content\/uploads\/2020\/12\/20200407_162128-768x432.jpg 768w, https:\/\/lescargot-tranquille.fr\/wp-content\/uploads\/2020\/12\/20200407_162128-107x60.jpg 107w\" sizes=\"(max-width: 1000px) 100vw, 1000px\" \/><\/figure>\n\n\n\n<div class=\"wp-block-media-text alignwide is-stacked-on-mobile\"><figure class=\"wp-block-media-text__media\"><img decoding=\"async\" width=\"1000\" height=\"563\" src=\"https:\/\/lescargot-tranquille.fr\/wp-content\/uploads\/2020\/12\/14-jachere-attitude.jpg\" alt=\"\" class=\"wp-image-1615 size-full\" srcset=\"https:\/\/lescargot-tranquille.fr\/wp-content\/uploads\/2020\/12\/14-jachere-attitude.jpg 1000w, https:\/\/lescargot-tranquille.fr\/wp-content\/uploads\/2020\/12\/14-jachere-attitude-600x338.jpg 600w, https:\/\/lescargot-tranquille.fr\/wp-content\/uploads\/2020\/12\/14-jachere-attitude-300x169.jpg 300w, https:\/\/lescargot-tranquille.fr\/wp-content\/uploads\/2020\/12\/14-jachere-attitude-768x432.jpg 768w, https:\/\/lescargot-tranquille.fr\/wp-content\/uploads\/2020\/12\/14-jachere-attitude-107x60.jpg 107w\" sizes=\"(max-width: 1000px) 100vw, 1000px\" \/><\/figure><div class=\"wp-block-media-text__content\">\n<h5 class=\"wp-block-heading\">L&rsquo;escargot tranquille, pour sa partie \u00ab\u00a0agricole\u00a0\u00bb se situe en Mayenne, sur une parcelle de 7000 m<sup>2<\/sup> sur laquelle nous avons plant\u00e9 de multiples essences d&rsquo;arbres.<\/h5>\n<\/div><\/div>\n\n\n\n<figure class=\"wp-block-image size-full\"><img decoding=\"async\" width=\"1000\" height=\"667\" src=\"https:\/\/lescargot-tranquille.fr\/wp-content\/uploads\/2020\/12\/P1010790.jpg\" alt=\"\" class=\"wp-image-1625\" srcset=\"https:\/\/lescargot-tranquille.fr\/wp-content\/uploads\/2020\/12\/P1010790.jpg 1000w, https:\/\/lescargot-tranquille.fr\/wp-content\/uploads\/2020\/12\/P1010790-600x400.jpg 600w, https:\/\/lescargot-tranquille.fr\/wp-content\/uploads\/2020\/12\/P1010790-300x200.jpg 300w, https:\/\/lescargot-tranquille.fr\/wp-content\/uploads\/2020\/12\/P1010790-768x512.jpg 768w, https:\/\/lescargot-tranquille.fr\/wp-content\/uploads\/2020\/12\/P1010790-90x60.jpg 90w, https:\/\/lescargot-tranquille.fr\/wp-content\/uploads\/2020\/12\/P1010790-374x249.jpg 374w\" sizes=\"(max-width: 1000px) 100vw, 1000px\" \/><\/figure>\n\n\n\n<div class=\"wp-block-media-text alignwide has-media-on-the-right is-stacked-on-mobile\"><figure class=\"wp-block-media-text__media\"><img loading=\"lazy\" decoding=\"async\" width=\"1000\" height=\"602\" src=\"https:\/\/lescargot-tranquille.fr\/wp-content\/uploads\/2020\/12\/20170531_165713.jpg\" alt=\"\" class=\"wp-image-1616 size-full\" srcset=\"https:\/\/lescargot-tranquille.fr\/wp-content\/uploads\/2020\/12\/20170531_165713.jpg 1000w, https:\/\/lescargot-tranquille.fr\/wp-content\/uploads\/2020\/12\/20170531_165713-600x361.jpg 600w, https:\/\/lescargot-tranquille.fr\/wp-content\/uploads\/2020\/12\/20170531_165713-300x181.jpg 300w, https:\/\/lescargot-tranquille.fr\/wp-content\/uploads\/2020\/12\/20170531_165713-768x462.jpg 768w, https:\/\/lescargot-tranquille.fr\/wp-content\/uploads\/2020\/12\/20170531_165713-100x60.jpg 100w\" sizes=\"(max-width: 1000px) 100vw, 1000px\" \/><\/figure><div class=\"wp-block-media-text__content\">\n<h5 class=\"has-text-align-right wp-block-heading\">Mais aussi de nombreuses plantes vivaces fruiti\u00e8res et aromatiques. Nous cultivons aussi des l\u00e9gumes, des c\u00e9r\u00e9ales et des l\u00e9gumineuses annuelles.<\/h5>\n<\/div><\/div>\n\n\n\n<figure class=\"wp-block-image size-large\"><img loading=\"lazy\" decoding=\"async\" width=\"1024\" height=\"683\" src=\"https:\/\/lescargot-tranquille.fr\/wp-content\/uploads\/2020\/12\/P1000850-1024x683.jpg\" alt=\"\" class=\"wp-image-1624\" srcset=\"https:\/\/lescargot-tranquille.fr\/wp-content\/uploads\/2020\/12\/P1000850-1024x683.jpg 1024w, https:\/\/lescargot-tranquille.fr\/wp-content\/uploads\/2020\/12\/P1000850-scaled-600x400.jpg 600w, https:\/\/lescargot-tranquille.fr\/wp-content\/uploads\/2020\/12\/P1000850-300x200.jpg 300w, https:\/\/lescargot-tranquille.fr\/wp-content\/uploads\/2020\/12\/P1000850-768x512.jpg 768w, https:\/\/lescargot-tranquille.fr\/wp-content\/uploads\/2020\/12\/P1000850-1536x1025.jpg 1536w, https:\/\/lescargot-tranquille.fr\/wp-content\/uploads\/2020\/12\/P1000850-2048x1367.jpg 2048w, https:\/\/lescargot-tranquille.fr\/wp-content\/uploads\/2020\/12\/P1000850-90x60.jpg 90w, https:\/\/lescargot-tranquille.fr\/wp-content\/uploads\/2020\/12\/P1000850-374x249.jpg 374w\" sizes=\"(max-width: 1024px) 100vw, 1024px\" \/><\/figure>\n\n\n\n<div class=\"wp-block-media-text alignwide is-stacked-on-mobile\"><figure class=\"wp-block-media-text__media\"><img loading=\"lazy\" decoding=\"async\" width=\"1024\" height=\"616\" src=\"https:\/\/lescargot-tranquille.fr\/wp-content\/uploads\/2020\/12\/20180425_174836-1024x616.jpg\" alt=\"\" class=\"wp-image-1618 size-large\" srcset=\"https:\/\/lescargot-tranquille.fr\/wp-content\/uploads\/2020\/12\/20180425_174836-1024x616.jpg 1024w, https:\/\/lescargot-tranquille.fr\/wp-content\/uploads\/2020\/12\/20180425_174836-600x361.jpg 600w, https:\/\/lescargot-tranquille.fr\/wp-content\/uploads\/2020\/12\/20180425_174836-300x180.jpg 300w, https:\/\/lescargot-tranquille.fr\/wp-content\/uploads\/2020\/12\/20180425_174836-768x462.jpg 768w, https:\/\/lescargot-tranquille.fr\/wp-content\/uploads\/2020\/12\/20180425_174836-1536x924.jpg 1536w, https:\/\/lescargot-tranquille.fr\/wp-content\/uploads\/2020\/12\/20180425_174836-100x60.jpg 100w, https:\/\/lescargot-tranquille.fr\/wp-content\/uploads\/2020\/12\/20180425_174836.jpg 2048w\" sizes=\"(max-width: 1024px) 100vw, 1024px\" \/><\/figure><div class=\"wp-block-media-text__content\">\n<h5 class=\"wp-block-heading\">Quelques poules de races rustiques et des canards coureurs indiens se baladent aussi sur le terrain en semi libert\u00e9.<\/h5>\n<\/div><\/div>\n\n\n\n<figure class=\"wp-block-image size-full\"><img loading=\"lazy\" decoding=\"async\" width=\"1000\" height=\"667\" src=\"https:\/\/lescargot-tranquille.fr\/wp-content\/uploads\/2020\/12\/P1030475.jpg\" alt=\"\" class=\"wp-image-1627\" srcset=\"https:\/\/lescargot-tranquille.fr\/wp-content\/uploads\/2020\/12\/P1030475.jpg 1000w, https:\/\/lescargot-tranquille.fr\/wp-content\/uploads\/2020\/12\/P1030475-600x400.jpg 600w, https:\/\/lescargot-tranquille.fr\/wp-content\/uploads\/2020\/12\/P1030475-300x200.jpg 300w, https:\/\/lescargot-tranquille.fr\/wp-content\/uploads\/2020\/12\/P1030475-768x512.jpg 768w, https:\/\/lescargot-tranquille.fr\/wp-content\/uploads\/2020\/12\/P1030475-90x60.jpg 90w, https:\/\/lescargot-tranquille.fr\/wp-content\/uploads\/2020\/12\/P1030475-374x249.jpg 374w\" sizes=\"(max-width: 1000px) 100vw, 1000px\" \/><\/figure>\n\n\n\n<h5 class=\"wp-block-heading\">A notre installation, une grande mare a \u00e9t\u00e9 creus\u00e9e puis une plus petite \u00e0 c\u00f4t\u00e9 plus r\u00e9cemment. Nous avons une grande serre qui nous permet de h\u00e2ter les l\u00e9gumes et de pr\u00e9parer semis et boutures.<\/h5>\n\n\n\n<div class=\"wp-block-media-text alignwide has-media-on-the-right is-stacked-on-mobile\"><figure class=\"wp-block-media-text__media\"><img loading=\"lazy\" decoding=\"async\" width=\"1000\" height=\"667\" src=\"https:\/\/lescargot-tranquille.fr\/wp-content\/uploads\/2020\/12\/P1030486.jpg\" alt=\"\" class=\"wp-image-1629 size-full\" srcset=\"https:\/\/lescargot-tranquille.fr\/wp-content\/uploads\/2020\/12\/P1030486.jpg 1000w, https:\/\/lescargot-tranquille.fr\/wp-content\/uploads\/2020\/12\/P1030486-600x400.jpg 600w, https:\/\/lescargot-tranquille.fr\/wp-content\/uploads\/2020\/12\/P1030486-300x200.jpg 300w, https:\/\/lescargot-tranquille.fr\/wp-content\/uploads\/2020\/12\/P1030486-768x512.jpg 768w, https:\/\/lescargot-tranquille.fr\/wp-content\/uploads\/2020\/12\/P1030486-90x60.jpg 90w, https:\/\/lescargot-tranquille.fr\/wp-content\/uploads\/2020\/12\/P1030486-374x249.jpg 374w\" sizes=\"(max-width: 1000px) 100vw, 1000px\" \/><\/figure><div class=\"wp-block-media-text__content\">\n<h5 class=\"has-text-align-right wp-block-heading\"> Et prochainement une serre plus petite devrait \u00eatre install\u00e9e enti\u00e8rement d\u00e9di\u00e9e aux semis.<\/h5>\n<\/div><\/div>\n\n\n\n<p><\/p>\n\n\n\n<h4 class=\"wp-block-heading\">Pour comprendre la d\u00e9marche, <a href=\"https:\/\/lescargot-tranquille.fr\/index.php\/actualites\/\" data-type=\"page\" data-id=\"1033\">rendez-vous sur cette page<\/a><\/h4>\n\n\n\n<h4 class=\"wp-block-heading\">Pour d\u00e9couvrir plus en d\u00e9tail le projet entier, <a href=\"https:\/\/lescargot-tranquille.fr\/index.php\/une-micro-ferme\/\" data-type=\"page\" data-id=\"750\">c&rsquo;est ici que \u00e7a se passe.<\/a><\/h4>\n\n\n\n<p><\/p>\n","protected":false},"excerpt":{"rendered":"<p>L&rsquo;escargot tranquille, pour sa partie \u00ab\u00a0agricole\u00a0\u00bb se situe en Mayenne, sur une parcelle de 7000 m2 sur laquelle nous avons plant\u00e9 de multiples essences d&rsquo;arbres. Mais aussi de nombreuses plantes vivaces fruiti\u00e8res et aromatiques. Nous cultivons aussi des l\u00e9gumes, des c\u00e9r\u00e9ales et des l\u00e9gumineuses annuelles. Quelques poules de races rustiques et des canards coureurs indiens &hellip; <\/p>\n","protected":false},"author":3,"featured_media":0,"parent":0,"menu_order":0,"comment_status":"closed","ping_status":"closed","template":"","meta":{"footnotes":""},"class_list":["post-983","page","type-page","status-publish","hentry","latest_post"],"_links":{"self":[{"href":"https:\/\/lescargot-tranquille.fr\/index.php\/wp-json\/wp\/v2\/pages\/983","targetHints":{"allow":["GET"]}}],"collection":[{"href":"https:\/\/lescargot-tranquille.fr\/index.php\/wp-json\/wp\/v2\/pages"}],"about":[{"href":"https:\/\/lescargot-tranquille.fr\/index.php\/wp-json\/wp\/v2\/types\/page"}],"author":[{"embeddable":true,"href":"https:\/\/lescargot-tranquille.fr\/index.php\/wp-json\/wp\/v2\/users\/3"}],"replies":[{"embeddable":true,"href":"https:\/\/lescargot-tranquille.fr\/index.php\/wp-json\/wp\/v2\/comments?post=983"}],"version-history":[{"count":13,"href":"https:\/\/lescargot-tranquille.fr\/index.php\/wp-json\/wp\/v2\/pages\/983\/revisions"}],"predecessor-version":[{"id":1637,"href":"https:\/\/lescargot-tranquille.fr\/index.php\/wp-json\/wp\/v2\/pages\/983\/revisions\/1637"}],"wp:attachment":[{"href":"https:\/\/lescargot-tranquille.fr\/index.php\/wp-json\/wp\/v2\/media?parent=983"}],"curies":[{"name":"wp","href":"https:\/\/api.w.org\/{rel}","templated":true}]}}