{"id":985,"date":"2020-04-21T22:30:41","date_gmt":"2020-04-21T20:30:41","guid":{"rendered":"https:\/\/www.lescargot-tranquille.fr\/?page_id=985"},"modified":"2020-12-14T17:55:40","modified_gmt":"2020-12-14T17:55:40","slug":"le-fournil","status":"publish","type":"page","link":"https:\/\/lescargot-tranquille.fr\/index.php\/le-fournil\/","title":{"rendered":"Le fournil"},"content":{"rendered":"\n<p>Le fournil nous permet de proposer aux villageois une fois par semaine, pains, galettes, pains brioch\u00e9s et biscuits sucr\u00e9s\/sal\u00e9s cuits au feu de bois. La vente de tous ces produits permet d&rsquo;auto-financer tous les achats de l&rsquo;association : mat\u00e9riel, outils, semences, plants d&rsquo;arbres&#8230; D\u00e9couvrez l&rsquo;univers du fournil de l&rsquo;escargot tranquille gr\u00e2ce \u00e0 ce <a href=\"https:\/\/lescargot-tranquille.fr\/index.php\/une-journee-au-fournil\/\" data-type=\"page\" data-id=\"757\">beau reportage photo.<\/a><\/p>\n\n\n\n<p>Vous trouverez toutes les <a href=\"https:\/\/lescargot-tranquille.fr\/index.php\/infos-pratiques\/\" data-type=\"page\" data-id=\"759\">informations pratiques pour d\u00e9guster nos produits sur cette page.<\/a><\/p>\n\n\n\n<figure class=\"wp-block-image size-full\"><img fetchpriority=\"high\" decoding=\"async\" width=\"800\" height=\"600\" src=\"https:\/\/lescargot-tranquille.fr\/wp-content\/uploads\/2020\/12\/03-Linterieur-du-fournil.jpg\" alt=\"\" class=\"wp-image-1662\" srcset=\"https:\/\/lescargot-tranquille.fr\/wp-content\/uploads\/2020\/12\/03-Linterieur-du-fournil.jpg 800w, https:\/\/lescargot-tranquille.fr\/wp-content\/uploads\/2020\/12\/03-Linterieur-du-fournil-600x450.jpg 600w, https:\/\/lescargot-tranquille.fr\/wp-content\/uploads\/2020\/12\/03-Linterieur-du-fournil-300x225.jpg 300w, https:\/\/lescargot-tranquille.fr\/wp-content\/uploads\/2020\/12\/03-Linterieur-du-fournil-768x576.jpg 768w, https:\/\/lescargot-tranquille.fr\/wp-content\/uploads\/2020\/12\/03-Linterieur-du-fournil-80x60.jpg 80w\" sizes=\"(max-width: 800px) 100vw, 800px\" \/><\/figure>\n\n\n\n<figure class=\"wp-block-image size-large\"><img decoding=\"async\" width=\"1024\" height=\"768\" src=\"https:\/\/lescargot-tranquille.fr\/wp-content\/uploads\/2020\/12\/Vue-generale-1024x768.jpg\" alt=\"\" class=\"wp-image-1660\" srcset=\"https:\/\/lescargot-tranquille.fr\/wp-content\/uploads\/2020\/12\/Vue-generale-1024x768.jpg 1024w, https:\/\/lescargot-tranquille.fr\/wp-content\/uploads\/2020\/12\/Vue-generale-scaled-600x450.jpg 600w, https:\/\/lescargot-tranquille.fr\/wp-content\/uploads\/2020\/12\/Vue-generale-300x225.jpg 300w, https:\/\/lescargot-tranquille.fr\/wp-content\/uploads\/2020\/12\/Vue-generale-768x576.jpg 768w, https:\/\/lescargot-tranquille.fr\/wp-content\/uploads\/2020\/12\/Vue-generale-1536x1152.jpg 1536w, https:\/\/lescargot-tranquille.fr\/wp-content\/uploads\/2020\/12\/Vue-generale-2048x1536.jpg 2048w, https:\/\/lescargot-tranquille.fr\/wp-content\/uploads\/2020\/12\/Vue-generale-80x60.jpg 80w\" sizes=\"(max-width: 1024px) 100vw, 1024px\" \/><\/figure>\n\n\n\n<div class=\"wp-block-group\"><div class=\"wp-block-group__inner-container is-layout-flow wp-block-group-is-layout-flow\">\n<figure class=\"wp-block-image size-full\"><img decoding=\"async\" width=\"799\" height=\"508\" src=\"https:\/\/lescargot-tranquille.fr\/wp-content\/uploads\/2020\/12\/08-sortie-du-pain-tout-chaud.jpg\" alt=\"\" class=\"wp-image-1663\" srcset=\"https:\/\/lescargot-tranquille.fr\/wp-content\/uploads\/2020\/12\/08-sortie-du-pain-tout-chaud.jpg 799w, https:\/\/lescargot-tranquille.fr\/wp-content\/uploads\/2020\/12\/08-sortie-du-pain-tout-chaud-600x381.jpg 600w, https:\/\/lescargot-tranquille.fr\/wp-content\/uploads\/2020\/12\/08-sortie-du-pain-tout-chaud-300x191.jpg 300w, https:\/\/lescargot-tranquille.fr\/wp-content\/uploads\/2020\/12\/08-sortie-du-pain-tout-chaud-768x488.jpg 768w, https:\/\/lescargot-tranquille.fr\/wp-content\/uploads\/2020\/12\/08-sortie-du-pain-tout-chaud-94x60.jpg 94w\" sizes=\"(max-width: 799px) 100vw, 799px\" \/><\/figure>\n<\/div><\/div>\n\n\n\n<figure class=\"wp-block-image size-full\"><img loading=\"lazy\" decoding=\"async\" width=\"800\" height=\"489\" src=\"https:\/\/lescargot-tranquille.fr\/wp-content\/uploads\/2020\/12\/01-Le-fournil-01.jpg\" alt=\"\" class=\"wp-image-1661\" srcset=\"https:\/\/lescargot-tranquille.fr\/wp-content\/uploads\/2020\/12\/01-Le-fournil-01.jpg 800w, https:\/\/lescargot-tranquille.fr\/wp-content\/uploads\/2020\/12\/01-Le-fournil-01-600x367.jpg 600w, https:\/\/lescargot-tranquille.fr\/wp-content\/uploads\/2020\/12\/01-Le-fournil-01-300x183.jpg 300w, https:\/\/lescargot-tranquille.fr\/wp-content\/uploads\/2020\/12\/01-Le-fournil-01-768x469.jpg 768w, https:\/\/lescargot-tranquille.fr\/wp-content\/uploads\/2020\/12\/01-Le-fournil-01-98x60.jpg 98w\" sizes=\"(max-width: 800px) 100vw, 800px\" \/><\/figure>\n\n\n\n<figure class=\"wp-block-image size-full\"><img loading=\"lazy\" decoding=\"async\" width=\"1000\" height=\"563\" src=\"https:\/\/lescargot-tranquille.fr\/wp-content\/uploads\/2020\/12\/20200402_164309.jpg\" alt=\"\" class=\"wp-image-1664\" srcset=\"https:\/\/lescargot-tranquille.fr\/wp-content\/uploads\/2020\/12\/20200402_164309.jpg 1000w, https:\/\/lescargot-tranquille.fr\/wp-content\/uploads\/2020\/12\/20200402_164309-600x338.jpg 600w, https:\/\/lescargot-tranquille.fr\/wp-content\/uploads\/2020\/12\/20200402_164309-300x169.jpg 300w, https:\/\/lescargot-tranquille.fr\/wp-content\/uploads\/2020\/12\/20200402_164309-768x432.jpg 768w, https:\/\/lescargot-tranquille.fr\/wp-content\/uploads\/2020\/12\/20200402_164309-107x60.jpg 107w\" sizes=\"(max-width: 1000px) 100vw, 1000px\" \/><\/figure>\n\n\n\n<figure class=\"wp-block-image size-large\"><img loading=\"lazy\" decoding=\"async\" width=\"1024\" height=\"683\" src=\"https:\/\/lescargot-tranquille.fr\/wp-content\/uploads\/2020\/12\/29-tout-chaud-1024x683.jpg\" alt=\"\" class=\"wp-image-1665\" srcset=\"https:\/\/lescargot-tranquille.fr\/wp-content\/uploads\/2020\/12\/29-tout-chaud-1024x683.jpg 1024w, https:\/\/lescargot-tranquille.fr\/wp-content\/uploads\/2020\/12\/29-tout-chaud-600x400.jpg 600w, https:\/\/lescargot-tranquille.fr\/wp-content\/uploads\/2020\/12\/29-tout-chaud-300x200.jpg 300w, https:\/\/lescargot-tranquille.fr\/wp-content\/uploads\/2020\/12\/29-tout-chaud-768x512.jpg 768w, https:\/\/lescargot-tranquille.fr\/wp-content\/uploads\/2020\/12\/29-tout-chaud-90x60.jpg 90w, https:\/\/lescargot-tranquille.fr\/wp-content\/uploads\/2020\/12\/29-tout-chaud-374x249.jpg 374w, https:\/\/lescargot-tranquille.fr\/wp-content\/uploads\/2020\/12\/29-tout-chaud.jpg 1240w\" sizes=\"(max-width: 1024px) 100vw, 1024px\" \/><\/figure>\n","protected":false},"excerpt":{"rendered":"<p>Le fournil nous permet de proposer aux villageois une fois par semaine, pains, galettes, pains brioch\u00e9s et biscuits sucr\u00e9s\/sal\u00e9s cuits au feu de bois. La vente de tous ces produits permet d&rsquo;auto-financer tous les achats de l&rsquo;association : mat\u00e9riel, outils, semences, plants d&rsquo;arbres&#8230; D\u00e9couvrez l&rsquo;univers du fournil de l&rsquo;escargot tranquille gr\u00e2ce \u00e0 ce beau reportage &hellip; <\/p>\n","protected":false},"author":3,"featured_media":0,"parent":0,"menu_order":0,"comment_status":"closed","ping_status":"closed","template":"","meta":{"footnotes":""},"class_list":["post-985","page","type-page","status-publish","hentry","latest_post"],"_links":{"self":[{"href":"https:\/\/lescargot-tranquille.fr\/index.php\/wp-json\/wp\/v2\/pages\/985","targetHints":{"allow":["GET"]}}],"collection":[{"href":"https:\/\/lescargot-tranquille.fr\/index.php\/wp-json\/wp\/v2\/pages"}],"about":[{"href":"https:\/\/lescargot-tranquille.fr\/index.php\/wp-json\/wp\/v2\/types\/page"}],"author":[{"embeddable":true,"href":"https:\/\/lescargot-tranquille.fr\/index.php\/wp-json\/wp\/v2\/users\/3"}],"replies":[{"embeddable":true,"href":"https:\/\/lescargot-tranquille.fr\/index.php\/wp-json\/wp\/v2\/comments?post=985"}],"version-history":[{"count":4,"href":"https:\/\/lescargot-tranquille.fr\/index.php\/wp-json\/wp\/v2\/pages\/985\/revisions"}],"predecessor-version":[{"id":1669,"href":"https:\/\/lescargot-tranquille.fr\/index.php\/wp-json\/wp\/v2\/pages\/985\/revisions\/1669"}],"wp:attachment":[{"href":"https:\/\/lescargot-tranquille.fr\/index.php\/wp-json\/wp\/v2\/media?parent=985"}],"curies":[{"name":"wp","href":"https:\/\/api.w.org\/{rel}","templated":true}]}}